{"id":87,"date":"2023-12-30T19:13:38","date_gmt":"2023-12-30T18:13:38","guid":{"rendered":"https:\/\/minastur.es\/?page_id=87"},"modified":"2024-01-08T20:03:32","modified_gmt":"2024-01-08T19:03:32","slug":"bienvenida","status":"publish","type":"page","link":"https:\/\/minastur.es\/","title":{"rendered":"Bienvenida"},"content":{"rendered":"\n<p> <\/p>\n\n\n\n<p class=\"has-text-align-left has-medium-font-size\"><em>\u201c No hay ciudad, forja o mina como Minas-Tur. Pues en las tres cosas excede Minas-Tur a todas las dem\u00e1s empresas enanas. El olor de los asados, la cerveza y el crepitar de las hogueras saturan los sentidos del visitante que se adentre por sus espl\u00e9ndidas galer\u00edas, las cuales terminan todas ellas en uno de los mayores monumentos a la tenacidad de los enanos; la Gran Forja.<\/em><\/p>\n\n\n\n<p class=\"has-medium-font-size\"><em>Nos encontramos ciertamente, en la joya que Ulric I recuper\u00f3 bajo la monta\u00f1a.\u201d<\/em><\/p>\n\n\n\n<p class=\"has-text-align-right has-medium-font-size\">Descripci\u00f3n y maravillas de Minas-Tur<br>Bran Volgar<\/p>\n\n\n\n<p class=\"has-medium-font-size\"><\/p>\n\n\n\n<h1 class=\"wp-block-heading has-text-align-center has-large-font-size\"><strong>BIENVENIDOS A MINAS-TUR<\/strong><\/h1>\n\n\n\n<p>Minas Tur se presenta como un Gastro-Larp de continuidad creado para contar una historia de enanos en un mundo de enanos.<\/p>\n\n\n\n<p>Para ello se basa en la ambientaci\u00f3n de razas enanas presentes en la mitolog\u00eda n\u00f3rdica, la literatura de Tolkien, o en juegos como World of Warcraft y Warhammer.<\/p>\n\n\n\n<p>Al denominarlo un evento de Gastro-Larp se indica que va a tratarse de un rol en vivo donde las comidas van a realizarse on-rol. Pero no solo eso, si no que el objetivo es que tanto la ambientaci\u00f3n, como el men\u00fa, y el comportamiento de los jugadores est\u00e9 acorde con la tem\u00e1tica del evento.<\/p>\n\n\n\n<p>Os esperamos para Luchar, comer y brindar por el orgullo de la raza enana.<\/p>\n\n\n<div class=\"wp-block-image\">\n<figure class=\"aligncenter size-large is-resized\"><img loading=\"lazy\" decoding=\"async\" width=\"971\" height=\"1024\" src=\"http:\/\/minastur.es\/wp-content\/uploads\/2024\/01\/MTBC-Logo3-971x1024.jpg\" alt=\"\" class=\"wp-image-241\" style=\"width:426px;height:auto\" srcset=\"https:\/\/minastur.es\/wp-content\/uploads\/2024\/01\/MTBC-Logo3-971x1024.jpg 971w, https:\/\/minastur.es\/wp-content\/uploads\/2024\/01\/MTBC-Logo3-285x300.jpg 285w, https:\/\/minastur.es\/wp-content\/uploads\/2024\/01\/MTBC-Logo3-768x810.jpg 768w, https:\/\/minastur.es\/wp-content\/uploads\/2024\/01\/MTBC-Logo3.jpg 1269w\" sizes=\"auto, (max-width: 971px) 100vw, 971px\" \/><\/figure>\n<\/div>","protected":false},"excerpt":{"rendered":"<p>\u201c No hay ciudad, forja o mina como Minas-Tur. Pues en las tres cosas excede Minas-Tur a todas las dem\u00e1s empresas enanas.<\/p>\n<p class=\"link-more\"><a class=\"myButt \" href=\"https:\/\/minastur.es\/\">Leer m\u00e1s<\/a><\/p>\n","protected":false},"author":2,"featured_media":0,"parent":0,"menu_order":0,"comment_status":"closed","ping_status":"closed","template":"","meta":{"footnotes":""},"class_list":["post-87","page","type-page","status-publish","hentry"],"_links":{"self":[{"href":"https:\/\/minastur.es\/index.php\/wp-json\/wp\/v2\/pages\/87","targetHints":{"allow":["GET"]}}],"collection":[{"href":"https:\/\/minastur.es\/index.php\/wp-json\/wp\/v2\/pages"}],"about":[{"href":"https:\/\/minastur.es\/index.php\/wp-json\/wp\/v2\/types\/page"}],"author":[{"embeddable":true,"href":"https:\/\/minastur.es\/index.php\/wp-json\/wp\/v2\/users\/2"}],"replies":[{"embeddable":true,"href":"https:\/\/minastur.es\/index.php\/wp-json\/wp\/v2\/comments?post=87"}],"version-history":[{"count":12,"href":"https:\/\/minastur.es\/index.php\/wp-json\/wp\/v2\/pages\/87\/revisions"}],"predecessor-version":[{"id":274,"href":"https:\/\/minastur.es\/index.php\/wp-json\/wp\/v2\/pages\/87\/revisions\/274"}],"wp:attachment":[{"href":"https:\/\/minastur.es\/index.php\/wp-json\/wp\/v2\/media?parent=87"}],"curies":[{"name":"wp","href":"https:\/\/api.w.org\/{rel}","templated":true}]}}