{"id":71,"date":"2023-12-30T18:29:51","date_gmt":"2023-12-30T17:29:51","guid":{"rendered":"https:\/\/minastur.es\/?page_id=71"},"modified":"2024-10-16T15:42:28","modified_gmt":"2024-10-16T14:42:28","slug":"ambientacion","status":"publish","type":"page","link":"https:\/\/minastur.es\/index.php\/ambientacion\/","title":{"rendered":"Ambientaci\u00f3n"},"content":{"rendered":"\n<br>\n\n\n\n<h3 class=\"wp-block-heading has-text-align-center\" id=\"we-re-a-studio-in-berlin-with-an-international-practice-in-architecture-urban-planning-and-interior-design-we-believe-in-sharing-knowledge-and-promoting-dialogue-to-increase-the-creative-potential-of-collaboration\" style=\"font-size:48px;line-height:1.1\"><strong>LA HISTORIA DE MINAS-TUR<\/strong><\/h3>\n\n\n\n<br>\n\n\n<div class=\"wp-block-image\">\n<figure class=\"aligncenter size-full is-resized\"><img loading=\"lazy\" decoding=\"async\" width=\"666\" height=\"40\" src=\"http:\/\/minastur.es\/wp-content\/uploads\/2024\/01\/rivete2-1.jpg\" alt=\"\" class=\"wp-image-252\" style=\"width:500px\" srcset=\"https:\/\/minastur.es\/wp-content\/uploads\/2024\/01\/rivete2-1.jpg 666w, https:\/\/minastur.es\/wp-content\/uploads\/2024\/01\/rivete2-1-300x18.jpg 300w\" sizes=\"auto, (max-width: 666px) 100vw, 666px\" \/><\/figure>\n<\/div>\n\n\n<br>\n\n\n\n<br>\n\n\n\n<h2 class=\"wp-block-heading has-large-font-size\"><strong>La primera ca\u00edda de Minas-Tur<\/strong><\/h2>\n\n\n\n<p>Minas-Tur era antiguamente una excavaci\u00f3n minera bajo las monta\u00f1as de Tur, poblada por la raza enana de los Mouros. Tras varios intentos, una invasi\u00f3n de goblins se apoder\u00f3 de la mina, relegando a los Mouros a la superficie de la monta\u00f1a, provocando lo que se conoce como la primera ca\u00edda de Minas-Tur. La ocupaci\u00f3n goblin dur\u00f3 apenas un siglo cuando la raza enana de los Dvergar comenz\u00f3 a asaltar gradualmente la ciudad-mina hasta que Ulric de Tur, un capataz de zapadores, lider\u00f3 la estrategia que hizo retroceder definitivamente a los goblins a las profundidades de la monta\u00f1a. Ulric de Tur fue coronado como rey de Minas-Tur con el nombre de Ulric I, el Zapador, y fund\u00f3 la dinast\u00eda de los Ulricos que gobern\u00f3 Minas-Tur durante siglos y la fue ampliando gradualmente hasta convertirla en una pr\u00f3spera ciudad-mina que ejerc\u00eda su influencia por todo el territorio.<\/p>\n\n\n\n<br>\n\n\n\n<h2 class=\"wp-block-heading has-large-font-size\"><strong>La segunda ca\u00edda de Minas-Tur<\/strong><\/h2>\n\n\n\n<p>Llegamos hasta los tiempos de Ulric VII Steelson, el hacedor. Un poderoso herrero r\u00fanico obsesionado con mejorar la forja de Minas-Tur. Ulric VII construy\u00f3 una poderosa forja r\u00fanica en un lateral de la ciudad que durante un tiempo proporcion\u00f3 unas aleaciones met\u00e1licas nunca vistas y que para m\u00e1s maravilla, funcionaba sin necesidad de combustible. Por desgracia alguno de los experimentos de Ulric VII en la forja no di\u00f3 el resultado esperado y la Gran Forja colaps\u00f3 en el interior de la monta\u00f1a, destruyendo gran parte de la ciudad y los t\u00faneles inferiores. Provocando lo que se conocer\u00eda como la segunda ca\u00edda de Minas-Tur, o el Gran Colapso. El derrumbamiento fue tan fuerte que modific\u00f3 el perfil de la monta\u00f1a, convirti\u00e9ndola en una colina, y caus\u00f3 grandes bajas tanto entre los enanos del interior como en los enanos y otras razas que habitaban en la superficie.<\/p>\n\n\n\n<p>Tanto el rey Ulric VII, como su heredero el joven pr\u00edncipe Ulric, y Wunnar, hermano del rey, perecieron en el colapso tratando de contener el desastre.<\/p>\n\n\n\n<p>Los Mouros y Dvergar supervivientes se repartieron por el territorio liderados por los restos de la familia real y otros clanes nobles. La reina viuda Moira, madre de Ulric VII, junto con su nieto Wunnar, hijo del principe Wunnar, organizaron varios batallones de guerreros en un intento de recuperar las ruinas de la ciudad de los envalentonados goblins que se hab\u00edan hecho con el control de la monta\u00f1a tras la segunda ca\u00edda. Por desgracia tras varios intentos frustrados y la muerte en batalla de la reina Moira, los clanes guerreros se dispersaron y se buscaron la vida como mercenarios.<\/p>\n\n\n\n<p>La princesa Wunnia, hermana melliza de Wunnar, junto con sus dos hijos Durin y Dvalin, ayudaron a los restos de su pueblo a establecerse en otras minas de la zona, aunque nunca consiguieron la prosperidad alcanzada por Minas-Tur. Gradualmente se fueron dividiendo en otros clanes y algunos se mezclaron con los enanos de las colinas. Con el tiempo Minas-Tur pas\u00f3 a ser casi una leyenda solo interesante para los arque\u00f3logos.<\/p>\n\n\n\n<br>\n\n\n\n<h2 class=\"wp-block-heading has-large-font-size\"><strong>El festival de reclutamiento<\/strong><\/h2>\n\n\n\n<p>En un valle entre las colinas de Tur, se encuentra una posada conocida como Tur-Andot, famosa por su alcohol artesanal, pero famosa tambi\u00e9n porque se dice que est\u00e1 construida sobre la entrada original del t\u00fanel por el que Ulric I, el zapador, lider\u00f3 a sus enanos en la primera toma de Minas-Tur por los Dvergar.<\/p>\n\n\n\n<p>Se ignora si esta historia es cierta o no, ya que el conocimiento de dicho t\u00fanel se perdi\u00f3 hace tiempo. Pero a\u00fan as\u00ed la posada aprovecha la curiosidad de los viajeros teniendo en exposici\u00f3n algunas curiosidades arqueol\u00f3gicas, como por ejemplo un mural incompleto de la toma de Minas-Tur por Ulric I, que se dice que se encontr\u00f3 por la zona.<\/p>\n\n\n\n<p>Desde el colapso de Minas-Tur, las monta\u00f1as se han vuelto inestables y tiemblan con cierta frecuencia, lo que recientemente ha ocasionado un corrimiento de tierras en la ladera y en la peque\u00f1a mina aleda\u00f1a a la posada.<\/p>\n\n\n\n<p>La sorpresa viene a ra\u00edz de que entre los escombros de la ladera se han encontrado enterramientos enanos que parecen datar de la segunda ca\u00edda de Minas-Tur, lo que ha provocado el inter\u00e9s de la Sociedad Arqueol\u00f3gica por el lugar. Entre la informaci\u00f3n recuperada por los arque\u00f3logos se han hallado datos sobre una puerta enana en los cimientos de la posada que nunca pudo ser abierta, ya que si bien se cre\u00eda que era un mero trampantojo tur\u00edstico para atraer a los curiosos, parece ser que podr\u00eda ser la mism\u00edsima puerta al t\u00fanel de Ulric I, el zapador.<\/p>\n\n\n\n<p>La noticia del descubrimiento de lo que podr\u00eda ser una posible puerta a Minas-Tur se extender\u00e1 pronto por toda la regi\u00f3n, y llegar\u00e1 a o\u00eddos de la Corporaci\u00f3n Minera Ferrara, controlada por el clan Magda de los Dvergar. Quienes no dudar\u00e1n en organizar una exploraci\u00f3n de la zona. Pero para ello deber\u00e1n ganarse el apoyo y recursos del resto de los enanos. Para ello organizan un festival de reclutamiento en la propia posada de Tur-Andot, donde multitud de enanos acudir\u00e1n para beber, comer, y medirse en las artes de la batalla. Pero tambi\u00e9n para encontrar trabajo como mineros, guerreros o aprendices de los eruditos y artesanos presentes en la posada.<\/p>\n\n\n\n<p>Tras rechazar extra\u00f1os ataques de elementales de fr\u00edo procedentes de la monta\u00f1a, el festival pudo realizarse con mayor o menor \u00e9xito, durante el cual, gracias a los trabajos de la Sociedad Arqueol\u00f3gica se pudo confirmar que efectivamente la puerta descubierta era la entrada al antiguo t\u00fanel de Ulric I, y m\u00e1s importante todav\u00eda, que los restos arqueol\u00f3gicos aleda\u00f1os al t\u00fanel formaban parte de la tumba de la princesa Turmaline. Un importante personaje de la conquista de Minas-Tur, cuya contribuci\u00f3n a la historia hab\u00eda sido pr\u00e1cticamente olvidada, y cuyos restos fueron recuperados y purificados.<\/p>\n\n\n\n<p>Al abrir la puerta al t\u00fanel, sellada mediante antigua magia de sangre, los presentes en el festival fueron recibidos por el calor infernal que desped\u00eda el interior de la monta\u00f1a, incapaces de cruzar su umbral.<\/p>\n\n\n\n<h2 class=\"wp-block-heading has-large-font-size\"><strong>La llamada de la Monta\u00f1a<\/strong><\/h2>\n\n\n\n<p>La confirmaci\u00f3n de que el t\u00fanel podr\u00eda llevar a la antigua ciudad de Minas-Tur se ha extendido m\u00e1s all\u00e1 del valle de Tur. Las distintas facciones enanas, empezando por los l\u00edderes Steelson, est\u00e1n reuniendo sus fuerzas y apoyos con vista a la posible recuperaci\u00f3n de la monta\u00f1a. Sin embargo, tras los recientes estudios en la excavaci\u00f3n arqueol\u00f3gica, tambi\u00e9n se ha extendido el rumor de que fueron las irresponsables acciones de Ulric VII y su forja elemental las que condujeron a la ca\u00edda de la ciudad. Esto ha da\u00f1ado bastante la credibilidad de la dinast\u00eda Steelson y su capacidad de liderar la naci\u00f3n enana de Minas-Tur. <\/p>\n\n\n\n<p>En los \u00faltimos meses, ha surgido un peque\u00f1o asentamiento alrededor de la posada de Turan-Dot y su excavaci\u00f3n arqueol\u00f3gica. El continuo vaiv\u00e9n de estudiosos, excavadores, guerreros y artesanos de todo tipo ha desbordado la capacidad de la posada, y lo que en principio era un campamento est\u00e1 a punto de convertirse en una peque\u00f1a aldea. Bajo esta perspectiva, muchos mercaderes y buscavidas acuden a Turan-Dot con el prop\u00f3sito de posicionarse cuanto antes junto a los futuros poderes pol\u00edticos o militares del lugar. Hacerse un hueco en esta naciente vecindad podr\u00eda significar hacerse un hueco en una posible Minas-Tur, y cada enano del valle desea reclamar su pedazo del pastel.<\/p>\n\n\n\n<p>Pero a pesar de que la puerta ha sido abierta, la investigaci\u00f3n del t\u00fanel no est\u00e1 siendo f\u00e1cil en absoluto. Lo que se pensaba que ser\u00eda un t\u00fanel recto es m\u00e1s bien una suerte de laberinto entre zonas colapsadas de la antigua entrada. La radiaci\u00f3n elemental que sufre la monta\u00f1a dificulta el trabajo de los mineros que requieren ayuda de los m\u00edsticos para purificar el terreno que excavan. Es precisamente durante una de estas purificaciones cuando el t\u00fanel sufre un horrible desprendimiento que sepulta a varios m\u00edsticos y mineros. Ante la imposibilidad de liberar el tramo hundido sin que la inestable monta\u00f1a se venga abajo, los arque\u00f3logos y los cart\u00f3grafos consiguen situar un tramo intacto justo debajo de la posada de Turan-Dot. Con el permiso a rega\u00f1adientes de los due\u00f1os de la posada se realiza un t\u00fanel en los cimientos del edificio para poder seguir accediendo a la excavaci\u00f3n.<\/p>\n\n\n\n<p>Pero esta no es la \u00fanica amenaza que acecha al asentamiento de Turan-Dot, pues las fuerzas elementales que atacaron durante el festival de reclutamiento est\u00e1n creciendo en n\u00famero y fuerza. Y no est\u00e1n atacando s\u00f3lo este lugar, tambi\u00e9n sufren ataques las rutas comerciales que lo abastecen e incluso algunos asentamientos cercanos. Los recursos que estas caravanas proporcionan, empezando por la comida, est\u00e1n en peligro. Los poderes militares deber\u00e1n decidir como utilizar sus fuerzas para proteger a los enanos del valle del Tur, pues los Nibelungos de las monta\u00f1as est\u00e1n convencidos de que es la excavaci\u00f3n del t\u00fanel lo que est\u00e1 causando perturbaciones en la naturaleza&#8230; y no est\u00e1n contentos.<\/p>\n\n\n\n<br>\n\n\n<div class=\"wp-block-image\">\n<figure class=\"aligncenter size-large is-resized\"><img loading=\"lazy\" decoding=\"async\" width=\"768\" height=\"1024\" src=\"https:\/\/minastur.es\/wp-content\/uploads\/2023\/12\/PuertaGaleria-768x1024.jpg\" alt=\"\" class=\"wp-image-73\" style=\"width:584px;height:auto\" srcset=\"https:\/\/minastur.es\/wp-content\/uploads\/2023\/12\/PuertaGaleria-768x1024.jpg 768w, https:\/\/minastur.es\/wp-content\/uploads\/2023\/12\/PuertaGaleria-225x300.jpg 225w, https:\/\/minastur.es\/wp-content\/uploads\/2023\/12\/PuertaGaleria-1152x1536.jpg 1152w, https:\/\/minastur.es\/wp-content\/uploads\/2023\/12\/PuertaGaleria-1536x2048.jpg 1536w, https:\/\/minastur.es\/wp-content\/uploads\/2023\/12\/PuertaGaleria-scaled.jpg 1920w\" sizes=\"auto, (max-width: 768px) 100vw, 768px\" \/><\/figure>\n<\/div>\n\n\n<br>\n\n\n\n<br>\n\n\n\n<br>\n\n\n\n<h3 class=\"wp-block-heading has-text-align-center\" id=\"we-re-a-studio-in-berlin-with-an-international-practice-in-architecture-urban-planning-and-interior-design-we-believe-in-sharing-knowledge-and-promoting-dialogue-to-increase-the-creative-potential-of-collaboration\" style=\"font-size:48px;line-height:1.1\"><strong>CRONOLOG\u00cdA DE LOS REYES DE MINAS TUR<\/strong><\/h3>\n\n\n\n<br>\n\n\n\n<br>\n\n\n\n<h2 class=\"wp-block-heading\"><strong>Ulric I de Tur<\/strong>, El Zapador.<\/h2>\n\n\n\n<p>Primer rey Dvergar de Minas-Tur, conquist\u00f3 la ciudad mediante un t\u00fanel excavado con sus mineros que di\u00f3 con la retaguardia de las guaridas de los goblins, y los oblig\u00f3 a retroceder al interior de la monta\u00f1a. Fue nombrado rey por los Dvergar y los diezmados Mouros.<\/p>\n\n\n\n<br>\n\n\n\n<h2 class=\"wp-block-heading\"><strong>Ulric II Sapperson<\/strong>, Mano de oro<\/h2>\n\n\n\n<p>Durante el reinado de Ulric II se encontr\u00f3 una veta de oro kilom\u00e9trica que literalmente ba\u00f1\u00f3 en riquezas a la ciudad. El rey Ulric II utiliz\u00f3 eficazmente el oro en ampliar y colonizar el interior de la monta\u00f1a. Mejor\u00f3 las condiciones de los Mouros en las galer\u00edas mineras, y urbaniz\u00f3 las galer\u00edas agotadas de mineral.<\/p>\n\n\n\n<br>\n\n\n\n<h2 class=\"wp-block-heading\"><strong>Ulrica III Goldsdottir<\/strong>, La Constructora.<\/h2>\n\n\n\n<p>Ulrica III continu\u00f3 utilizando los beneficios de la excavaci\u00f3n minera para reorganizar la ciudad y promover obras arquitect\u00f3nicas que convirtieron a Minas-Tur en la principal ciudad enana de la regi\u00f3n. Cre\u00f3 y organiz\u00f3 el Gremio de Alba\u00f1iles.<\/p>\n\n\n\n<br>\n\n\n\n<h2 class=\"wp-block-heading\"><strong>Ulric Ubbe IV Builderson<\/strong>, El Sabio<\/h2>\n\n\n\n<p>El pr\u00edncipe Ubbe, hijo de Ulrica III, subi\u00f3 al trono tras la muerte de su hermano el pr\u00edncipe Ulric y la posterior muerte de su madre, cambiando su nombre a Ulric Ubbe IV. Al no haberse criado como el heredero al trono hab\u00eda pasado gran parte de su vida estudiando las ciencias de la alquimia y la magia r\u00fanica.<\/p>\n\n\n\n<p>Fue el fundador de la Hermandad de M\u00edsticos.<\/p>\n\n\n\n<br>\n\n\n\n<h2 class=\"wp-block-heading\"><strong>Ulrica V Sagedottir<\/strong>, La Brava<\/h2>\n\n\n\n<p>Ulrica V fue una reconocida guerrera que no solo repeli\u00f3 varios intentos de invasi\u00f3n por parte de los goblins de las profundidades, sino que contraatac\u00f3 y los oblig\u00f3 a retirarse a\u00fan m\u00e1s en la monta\u00f1a, conquistando galer\u00edas mineras que no se conoc\u00edan desde los tiempos anteriores a la primera ca\u00edda de Minas-Tur<\/p>\n\n\n\n<br>\n\n\n\n<h2 class=\"wp-block-heading\"><strong>Ulric VI Braveson<\/strong>, Alma de Acero<\/h2>\n\n\n\n<p>Ulric VI fue un forjador extraordinario que experiment\u00f3 con diversas aleaciones hasta mejorar notablemente el acero de Minas-Tur. Tuvo desencuentros con los elfos de la regi\u00f3n e incluso con los enanos de las colinas. Esto fue debido a su voracidad con los bosques de la zona, cuya madera necesitaba para alimentar la industria menor de Minas-Tur. Pues todo el carb\u00f3n estaba destinado a las siempre ardientes forjas de metal.<\/p>\n\n\n\n<br>\n\n\n\n<h2 class=\"wp-block-heading\"><strong>Ulric VII Steelson<\/strong>, el Hacedor<\/h2>\n\n\n\n<p>Ulric VII fue un herrero r\u00fanico muy poderoso que continu\u00f3 con el trabajo metal\u00fargico de su padre. Se dice que en los t\u00faneles antiguos recuperados por su abuela Ulrica V, descubri\u00f3 f\u00f3rmulas elementales con las que cre\u00f3 la gigantesca Gran Forja, que era una maravilla arquitect\u00f3nica y que adem\u00e1s funcionaba sin necesidad de combustible. Esto le ayud\u00f3 a mejorar las relaciones con los habitantes de la superficie pero tambi\u00e9n caus\u00f3 el Gran Colapso de Minas-Tur, en el cual el propio rey y sus herederos fallecieron.<\/p>\n\n\n\n<br>\n\n\n\n<br>\n\n\n<div class=\"wp-block-image\">\n<figure class=\"aligncenter size-large\"><img loading=\"lazy\" decoding=\"async\" width=\"724\" height=\"1024\" src=\"https:\/\/minastur.es\/wp-content\/uploads\/2024\/01\/GenealogiaReyes-724x1024.jpg\" alt=\"\" class=\"wp-image-267\" srcset=\"https:\/\/minastur.es\/wp-content\/uploads\/2024\/01\/GenealogiaReyes-724x1024.jpg 724w, https:\/\/minastur.es\/wp-content\/uploads\/2024\/01\/GenealogiaReyes-212x300.jpg 212w, https:\/\/minastur.es\/wp-content\/uploads\/2024\/01\/GenealogiaReyes-768x1086.jpg 768w, https:\/\/minastur.es\/wp-content\/uploads\/2024\/01\/GenealogiaReyes.jpg 794w\" sizes=\"auto, (max-width: 724px) 100vw, 724px\" \/><\/figure>\n<\/div>\n\n\n<br>\n\n\n\n<br>\n\n\n\n<br>\n\n\n\n<br>\n\n\n\n<h3 class=\"wp-block-heading has-text-align-center\" id=\"we-re-a-studio-in-berlin-with-an-international-practice-in-architecture-urban-planning-and-interior-design-we-believe-in-sharing-knowledge-and-promoting-dialogue-to-increase-the-creative-potential-of-collaboration\" style=\"font-size:48px;line-height:1.1\"><strong>CULTURA Y RELIGI\u00d3N<\/strong><\/h3>\n\n\n\n<br>\n\n\n\n<br>\n\n\n\n<p>Los enanos son seres guerreros y trabajadores que valoran su honor por encima de todas las cosas. Su pasi\u00f3n por las riquezas y otras posesiones no tiene tanto que ver con un defecto de codicia como lo ver\u00edan otras razas, sino que est\u00e1 relacionado con el valor que le dan al fruto de su trabajo y la recompensa que esperan por ese esfuerzo, que siempre ser\u00e1 el m\u00e1ximo. De ah\u00ed que los enanos no vean con buenos ojos el robo, pues son bienes que no se han conseguido con el sudor de la frente.<\/p>\n\n\n\n<p>Si bien son belicosos y se ofenden con facilidad, entienden la necesidad de trabajar en equipo, sobre todo con miembros de su propia raza o con otros individuos que consideren capaces. No es raro que para solucionar cualquier discusi\u00f3n los enanos ofrezcan pelea primero, para luego brindar con su contrincante en la taberna pierdan o ganen, quedando zanjado as\u00ed el asunto.<\/p>\n\n\n\n<p>Son desconfiados con otras razas en lo que a desvelar sus secretos se refiere, pero respetan religiosamente la hospitalidad, sobre todo en lo que a comida, bebida y refugio se refiere. Deben lealtad a su familia, su clan y su gremio por encima de todas las cosas y sufren profundamente cuando creen que su honor o el de los suyos ha sido mancillado, llegando a guardar resentimiento por las ofensas durante siglos.<\/p>\n\n\n\n<br>\n\n\n\n<p>A la hora de reconocerse, los enanos acompa\u00f1an su nombre con uno o dos apellidos derivados del nombre o t\u00edtulo que haya conseguido alg\u00fan antepasado ilustre, aunque generalmente llevan el nombre de su padre o de su madre. Alcanzar el reconocimiento suficiente para que tus herederos lleven tu nombre m\u00e1s all\u00e1 de tus propios hijos es un gran honor con el que todos los enanos sue\u00f1an. La jerarqu\u00eda enana esta fuertemente marcada por la edad y el prestigio alcanzado por los mayores.<\/p>\n\n\n\n<p>En principio los enanos Mouros y los Nibelungos organizaban su sociedad por medio de un consejo de ancianos que tomaban las decisiones importantes. Con el tiempo los Mouros se integraron mucho en la organizaci\u00f3n de la sociedad Dvergar aunque conservaron la figura del Capataz, que es m\u00e1s una figura de autoridad menor que un organizador de trabajo. En cuanto a los Nibelungos, con el tiempo la tarea del consejo de ancianos se redujo a elegir a un l\u00edder o Thane de entre las familias del Clan. Entre los Dvergar es costumbre que los Gremios est\u00e9n fundados y liderados por familias nobles de l\u00ednea hereditaria, con miembros del clan a su cabeza y un grupo mayor o menor de seguidores.  <\/p>\n\n\n\n<p>La monarqu\u00eda Dvergar si bien es hereditaria, no siempre es el hijo mayor el que hereda sino que puede ser coronado un hermano del rey si se considera que el anterior es demasiado joven. Es com\u00fan que los reyes reci\u00e9n coronados cambien sus nombres para hacer referencia al rey anterior. Todo hijo o hija de un rey es considerado pr\u00edncipe de los enanos toda su vida, mientras que los sobrinos y nietos del rey ser\u00e1n llamados <strong>Alto Se\u00f1or o Alta Se\u00f1ora<\/strong>, y sus descendientes directos heredar\u00e1n este t\u00edtulo para dejar clara su pertenencia a la sangre real.<\/p>\n\n\n\n<p>Los <strong>Gremios<\/strong> forman parte importante de la vida de los enanos, especialmente de aquellos que viven bajo tierra y est\u00e1n estructurados jer\u00e1rquicamente de acuerdo a sus necesidades. Un enano que no pertenece a un gremio se siente desprotegido, aunque no es raro que a lo largo de su vida los enanos cambien de gremio o incluso colaboren con otros gremios en busca de conocimiento y desarrollo. Los Dwemer dependen mucho de sus Gremios o Caravanas al no tener una organizaci\u00f3n social propia, pero se integran con facilidad all\u00e1 donde est\u00e9n viviendo. A\u00fan as\u00ed cuando est\u00e1n en el camino suelen seguir a uno o m\u00e1s \u00abAbrecaminos\u00bb que hace las veces de gu\u00eda de la caravana.<\/p>\n\n\n\n<br>\n\n\n\n<p>Los festejos en todas sus formas, pero principalmente los que implican beber, comer, re\u00edr y contar historias son el fin mismo y la recompensa final de todos los esfuerzos de un enano.<\/p>\n\n\n\n<p>En cuanto a la religi\u00f3n, los enanos no practican una religi\u00f3n especialmente estructurada, sino que la viven de forma \u00edntima y reservada. Poseen un pante\u00f3n de divinidades y seres legendarios que cada enano adora seg\u00fan sus necesidades o su elecci\u00f3n personal. Aunque pueden ser bastante supersticiosos, especialmente los mineros, y tambi\u00e9n pueden ser muy espirituales en lo que a su conexi\u00f3n con la tierra se refiere.<\/p>\n\n\n\n<p>La diosa <strong>Danna<\/strong>, tambi\u00e9n llamada Durga, es vista como la personificaci\u00f3n de la tierra y sus profundidades. En las raras ocasiones que se la representa se la ve como una enana de formas redondeadas y cabellos trenzados alrededor de la cabeza, pero es m\u00e1s com\u00fan que se la identifique en las formas caprichosas de la piedra. Aunque no tiene un culto establecido, si tiene una serie de rituales enfocados, la mayor\u00eda de ellos, a calmar su ira. Los enanos Mouros la tienen especialmente presente y los m\u00edsticos buscan su conexi\u00f3n con ella para canalizar su poder.<\/p>\n\n\n\n<p>Los ancestros son una serie de dioses legendarios nacidos directamente de Danna a los que se invoca o recurre en ciertos aspectos de la vida enana. Es com\u00fan que alguna de las trenzas tejidas en los cabellos de los enanos est\u00e9 dedicada a Danna desde la primera infancia.<\/p>\n\n\n\n<br>\n\n\n\n<p><strong>Motsognir<\/strong> es considerado el legendario padre de todos los enanos. Vive en las profundidades m\u00e1s oscuras de la tierra y jam\u00e1s ha visto la luz del sol. En las raras ocasiones en que es representado, su imagen es la de un enano de piel gris cuya barba es tan larga que le cubre los pies y es la \u00fanica vestimenta que lleva. Su reino son los salones de <strong>Nidavellir<\/strong>, una legendaria ciudad de galer\u00edas de oro y piedras preciosas, con fuentes de cerveza e hidromiel y enormes forjas que arden furiosamente.<\/p>\n\n\n\n<p>Cuando un enano muere, si es digno, es recibido por Motsognir en Nidavellir para luchar, festejar y trabajar el hierro eternamente. Su culto esta directamente relacionado con los funerales o en las ocasiones en que un enano vislumbra su muerte. Los herreros tambi\u00e9n le tienen especialmente presente pues es el forjador primordial de todos los aceros y quien ense\u00f1\u00f3 las artes del hierro a los enanos.<\/p>\n\n\n\n<br>\n\n\n\n<p><strong>Grimnir <\/strong>es el dios guerrero de los enanos. El camino de Grimnir es el camino del guerrero y se le invoca en las batallas o para pedir fuerza contra los enemigos. Este dios es especialmente adorado por los Matadores, un culto de guerreros que considerando que han perdido su honor, se lanzan a la batalla buscando una muerte gloriosa. Se le representa como un hacha de doble filo.<\/p>\n\n\n\n<br>\n\n\n\n<p><strong>Morwem <\/strong>es la se\u00f1ora del conocimiento, la curiosidad y las habilidades enanas. Ense\u00f1\u00f3 a los enanos gran parte de todo lo que saben, como la escritura, la joyer\u00eda o la ingenier\u00eda. Pero es especialmente reverenciada por sus conocimientos curativos y de alquimia, sobre todo por haber desvelado a los enanos la fermentaci\u00f3n de la cerveza. Los enanos que adoran a Morwem la invocan para conseguir la perfecci\u00f3n en sus creaciones. Tambi\u00e9n es t\u00edpico mencionar su nombre al brindar con jarras de cerveza para agradecerle sus regalos.<\/p>\n\n\n\n<br>\n\n\n\n<br>\n\n\n<div class=\"wp-block-image\">\n<figure class=\"aligncenter size-full is-resized\"><img loading=\"lazy\" decoding=\"async\" width=\"666\" height=\"40\" src=\"http:\/\/minastur.es\/wp-content\/uploads\/2024\/01\/rivete2-1.jpg\" alt=\"\" class=\"wp-image-252\" style=\"width:500px\" srcset=\"https:\/\/minastur.es\/wp-content\/uploads\/2024\/01\/rivete2-1.jpg 666w, https:\/\/minastur.es\/wp-content\/uploads\/2024\/01\/rivete2-1-300x18.jpg 300w\" sizes=\"auto, (max-width: 666px) 100vw, 666px\" \/><\/figure>\n<\/div>\n\n\n<br>\n\n\n\n<br>\n","protected":false},"excerpt":{"rendered":"<p>LA HISTORIA DE MINAS-TUR La primera ca\u00edda de Minas-Tur Minas-Tur era antiguamente una excavaci\u00f3n minera bajo las monta\u00f1as de Tur, poblada por<\/p>\n<p class=\"link-more\"><a class=\"myButt \" href=\"https:\/\/minastur.es\/index.php\/ambientacion\/\">Leer m\u00e1s<\/a><\/p>\n","protected":false},"author":2,"featured_media":0,"parent":0,"menu_order":0,"comment_status":"closed","ping_status":"closed","template":"","meta":{"footnotes":""},"class_list":["post-71","page","type-page","status-publish","hentry"],"_links":{"self":[{"href":"https:\/\/minastur.es\/index.php\/wp-json\/wp\/v2\/pages\/71","targetHints":{"allow":["GET"]}}],"collection":[{"href":"https:\/\/minastur.es\/index.php\/wp-json\/wp\/v2\/pages"}],"about":[{"href":"https:\/\/minastur.es\/index.php\/wp-json\/wp\/v2\/types\/page"}],"author":[{"embeddable":true,"href":"https:\/\/minastur.es\/index.php\/wp-json\/wp\/v2\/users\/2"}],"replies":[{"embeddable":true,"href":"https:\/\/minastur.es\/index.php\/wp-json\/wp\/v2\/comments?post=71"}],"version-history":[{"count":28,"href":"https:\/\/minastur.es\/index.php\/wp-json\/wp\/v2\/pages\/71\/revisions"}],"predecessor-version":[{"id":339,"href":"https:\/\/minastur.es\/index.php\/wp-json\/wp\/v2\/pages\/71\/revisions\/339"}],"wp:attachment":[{"href":"https:\/\/minastur.es\/index.php\/wp-json\/wp\/v2\/media?parent=71"}],"curies":[{"name":"wp","href":"https:\/\/api.w.org\/{rel}","templated":true}]}}